{"id":11,"date":"2025-09-12T10:48:34","date_gmt":"2025-09-12T10:48:34","guid":{"rendered":"https:\/\/brugaplast.de\/?page_id=11"},"modified":"2026-03-24T12:45:44","modified_gmt":"2026-03-24T12:45:44","slug":"start","status":"publish","type":"page","link":"https:\/\/brugaplast.de\/de\/","title":{"rendered":"Start"},"content":{"rendered":"<div data-elementor-type=\"wp-page\" data-elementor-id=\"11\" class=\"elementor elementor-11\" data-elementor-post-type=\"page\">\n\t\t\t\t<div class=\"elementor-element elementor-element-ffaa386 e-con-full e-flex e-con e-parent\" data-id=\"ffaa386\" data-element_type=\"container\">\n\t\t\t\t<div class=\"elementor-element elementor-element-6a0c1c0 elementor-widget elementor-widget-html\" data-id=\"6a0c1c0\" data-element_type=\"widget\" data-widget_type=\"html.default\">\n\t\t\t\t\t<section class=\"bp-home\" id=\"top\">\r\n\r\n  <!-- HERO -->\r\n  <header class=\"bp-hero\" aria-label=\"BRUGA PLAST - Held\">\r\n    <div class=\"bp-hero__overlay\"><\/div>\r\n\r\n    <div class=\"bp-container bp-hero__grid\">\r\n      <div class=\"bp-hero__left\">\r\n        <div class=\"bp-kicker\">BRUGA PLAST Sp. z o.o.<\/div>\r\n        <h1>Rohrleitungsbau und Schwei\u00dfen von Kunststoffen<\/h1>\r\n        <p class=\"bp-lead\">\r\n          Mobile Montageteams - Projekte in ganz Europa - PE \/ PP \/ PVDF \/ PVC \/ PPS\r\n        <\/p>\r\n\r\n        <div class=\"bp-cta\">\r\n          <a class=\"bp-btn bp-btn--primary\" href=\"#kontakt\">Angebot anfordern<\/a>\r\n          <a class=\"bp-btn bp-btn--ghost\" href=\"#uslugi\">Siehe Dienstleistungen<\/a>\r\n        <\/div>\r\n\r\n        <div class=\"bp-mini\">\r\n          <div class=\"bp-mini__item\">\r\n            <div class=\"bp-mini__num\">20<\/div>\r\n            <div class=\"bp-mini__txt\">Mitarbeiter in mobilen Teams<\/div>\r\n          <\/div>\r\n\r\n          <div class=\"bp-mini__item\">\r\n            <div class=\"bp-mini__num\">EU<\/div>\r\n            <div class=\"bp-mini__txt\">Einsatzgebiet: Ganz Europa<\/div>\r\n          <\/div>\r\n        <\/div>\r\n      <\/div>\r\n\r\n      <div class=\"bp-hero__right\">\r\n        <div class=\"bp-heroCard\">\r\n          <div class=\"bp-heroCard__title\">Unsere wichtigsten Dienstleistungen<\/div>\r\n          <ul class=\"bp-list\">\r\n            <li>Rohrleitungsbau<\/li>\r\n            <li>Schwei\u00dfen von Kunststoffen (PE\/PP\/PVDF\/PPS)<\/li>\r\n            <li>PVC - Verklebung<\/li>\r\n            <li>Industrielle Montage vor Ort<\/li>\r\n            <li>Lieferung und Koordinierung von Materialien<\/li>\r\n          <\/ul>\r\n          <a class=\"bp-link\" href=\"#uslugi\">Zum vollst\u00e4ndigen Angebot \u2192<\/a>\r\n        <\/div>\r\n      <\/div>\r\n    <\/div>\r\n  <\/header>\r\n\r\n  <!-- SERVICES -->\r\n  <section class=\"bp-section\" id=\"uslugi\">\r\n    <div class=\"bp-container\">\r\n      <div class=\"bp-head\">\r\n        <h2>Dienstleistungen<\/h2>\r\n        <p>Umfassende Unterst\u00fctzung bei der Kunststoffmontage und beim Schwei\u00dfen - an Industriestandorten in Deutschland.<\/p>\r\n      <\/div>\r\n\r\n      <div class=\"bp-cards\">\r\n        <article class=\"bp-card\">\r\n          <h3>Rohrleitungsbau<\/h3>\r\n          <p>Installation von Rohrleitungssystemen in Industrieanlagen gem\u00e4\u00df den technischen Unterlagen.<\/p>\r\n          <ul>\r\n            <li>Arbeiten auf Baustellen und in Hallen<\/li>\r\n            <li>Montage \/ Demontage<\/li>\r\n            <li>Pumpenvorverrohrungen, \nPVDF High-Purity Reinstwasserleitungen<\/li>\r\n          <\/ul>\r\n        <\/article>\r\n\r\n        <article class=\"bp-card\">\r\n          <h3>Schwei\u00dfen von PE \/ PP \/ PVDF \/ PPS<\/h3>\r\n          <p>Schwei\u00dfen von Kunststoffen durch qualifizierte Teams mit g\u00fcltigen Lizenzen.<\/p>\r\n          <ul>\r\n            <li>Visuelle Kontrolle der Schwei\u00dfn\u00e4hte<\/li>\r\n            <li>Anforderungen an die Gestaltung<\/li>\r\n          <\/ul>\r\n        <\/article>\r\n\r\n        <article class=\"bp-card\">\r\n          <h3>PVC-Verklebung<\/h3>\r\n          <p>Installations- und Servicearbeiten in der PVC-Klebetechnik.<\/p>\r\n          <ul>\r\n            <li>Vorfabrikation \/ Montage<\/li>\r\n            <li>Reparaturen und Umbauten<\/li>\r\n            <li>Arbeit vor Ort<\/li>\r\n          <\/ul>\r\n        <\/article>\r\n\r\n        <article class=\"bp-card\">\r\n          <h3>Industrielle Montage vor Ort<\/h3>\r\n          <p>Industriemontage vor Ort - flexible Teamunterst\u00fctzung bei der Projektdurchf\u00fchrung.<\/p>\r\n          <ul>\r\n            <li>Unterst\u00fctzung f\u00fcr das Kundenteam<\/li>\r\n            <li>Schichtarbeit<\/li>\r\n            <li>Schnelle Umsetzung<\/li>\r\n          <\/ul>\r\n        <\/article>\r\n\r\n        <article class=\"bp-card\">\r\n          <h3>Haltestellen und Umwandlungen<\/h3>\r\n          <p>Unterst\u00fctzung bei Anlagenstillst\u00e4nden und Modernisierungen.<\/p>\r\n          <ul>\r\n            <li>Arbeiten in den Servicefenstern<\/li>\r\n            <li>Organisation der Ressourcen<\/li>\r\n            <li>Koordinierung der Fristen<\/li>\r\n          <\/ul>\r\n        <\/article>\r\n      <\/div>\r\n\r\n      <div class=\"bp-strip\">\r\n        <div class=\"bp-strip__left\">\r\n          <strong>Ben\u00f6tigen Sie ein mobiles Team f\u00fcr Ihr Projekt innerhalb der Europ\u00e4ischen Union?<\/strong>\r\n          <span>Schreiben Sie uns - wir melden uns bei Ihnen mit einem kurzen Gespr\u00e4ch und einem Scoping.<\/span>\r\n        <\/div>\r\n        <a class=\"bp-btn bp-btn--primary\" href=\"#kontakt\">Kontakt<\/a>\r\n      <\/div>\r\n    <\/div>\r\n  <\/section>\r\n\r\n  <!-- WHY US -->\r\n  <section class=\"bp-section bp-section--alt\" id=\"dlaczego\">\r\n    <div class=\"bp-container\">\r\n      <div class=\"bp-head\">\r\n        <h2>Warum BRUGA<\/h2>\r\n        <p>Ein Arbeitsmodell, das auf mobilen Teams basiert, erm\u00f6glicht es uns, schnell und flexibel auf Projektanforderungen zu reagieren.<\/p>\r\n      <\/div>\r\n\r\n      <div class=\"bp-why\">\r\n        <article class=\"bp-whyCard\">\r\n          <div class=\"bp-whyIcon\">\u26a1<\/div>\r\n          <h3>Mobilit\u00e4t und Schnellstart<\/h3>\r\n          <p>Wir arbeiten direkt auf den Baustellen und in den Produktionshallen der Kunden - ohne unn\u00f6tige Verz\u00f6gerungen.<\/p>\r\n        <\/article>\r\n        <article class=\"bp-whyCard\">\r\n          <div class=\"bp-whyIcon\">\ud83c\udf0d<\/div>\r\n          <h3>Internationale Erfahrung<\/h3>\r\n          <p>Die Mitarbeiter und Montageteams haben Erfahrung mit internationalen Projekten im Industriesektor.<\/p>\r\n        <\/article>\r\n        <article class=\"bp-whyCard\">\r\n          <div class=\"bp-whyIcon\">\ud83d\udee1\ufe0f<\/div>\r\n          <h3>Qualit\u00e4t und Sicherheit<\/h3>\r\n          <p>\u00dcberwachung des Vorarbeiters, Kontrolle der Arbeiten und Abnahme mit dem Auftraggeber - unter Beachtung der Qualit\u00e4ts- und Arbeitsschutzanforderungen.<\/p>\r\n        <\/article>\r\n      <\/div>\r\n    <\/div>\r\n  <\/section>\r\n\r\n  <!-- EQUIPMENT -->\r\n  <section class=\"bp-section\" id=\"sprzet\">\r\n    <div class=\"bp-container bp-twoCol\">\r\n      <div>\r\n        <div class=\"bp-head\">\r\n          <h2>Ausr\u00fcstung und Einrichtungen<\/h2>\r\n          <p>Unsere Teams verf\u00fcgen \u00fcber eigene Werkzeuge und moderne Ger\u00e4te zum Schwei\u00dfen von Kunststoffen im mobilen Einsatz.<\/p>\r\n        <\/div>\r\n\r\n        <div class=\"bp-tags\">\r\n          <span>GF IR-63 M<\/span><span>IR-110 A<\/span><span>IR-225 A<\/span><span>SG-125<\/span>\r\n          <span>IM-315<\/span><span>TOP 2.0<\/span><span>+ Gro\u00dfanlagen<\/span>\r\n        <\/div>\r\n\r\n        <p class=\"bp-muted\">\r\n          Dar\u00fcber hinaus k\u00f6nnen wir das Material (Einkauf) \u00fcber zuverl\u00e4ssige Partner organisieren - Koordination und Termintreue.\r\n        <\/p>\r\n\r\n        <a class=\"bp-btn bp-btn--primary\" href=\"#kontakt\">Erkundigen Sie sich nach der Verf\u00fcgbarkeit des Teams<\/a>\r\n      <\/div>\r\n\r\n      <div class=\"bp-media\">\r\n  <div class=\"bp-mediaBox\"\r\n       style=\"background-image: url('https:\/\/brugaplast.de\/wp-content\/uploads\/2026\/03\/WhatsApp-Image-2026-03-02-at-16.13.54.jpeg');\">\r\n       \r\n    <div class=\"bp-mediaLabel\">Team - Ausr\u00fcstung - Mobilit\u00e4t<\/div>\r\n\r\n  <\/div>\r\n<\/div>\r\n \r\n    <\/div>\r\n  <\/section>\r\n\r\n  <!-- PROJECTS -->\r\n  <section class=\"bp-section bp-section--alt\" id=\"realizacje\">\r\n    <div class=\"bp-container\">\r\n      <div class=\"bp-head\">\r\n        <h2>Ausgew\u00e4hlte Realisierungen<\/h2>\r\n        <p>Eine Fotodokumentation ausgew\u00e4hlter Projekte ist auf Anfrage erh\u00e4ltlich. Nachstehend finden Sie Beispiele f\u00fcr Aufnahmen von Realisierungen.<\/p>\r\n      <\/div>\r\n\r\n     <div class=\"bp-gallery\">\r\n\r\n  <figure class=\"bp-ph\" \r\n  style=\"background-image:url('https:\/\/brugaplast.de\/wp-content\/uploads\/2026\/03\/WhatsApp-Image-2026-03-02-at-16.13.58.jpeg');\"><\/figure>\r\n\r\n  <figure class=\"bp-ph\" \r\n  style=\"background-image:url('https:\/\/brugaplast.de\/wp-content\/uploads\/2026\/03\/WhatsApp-Image-2026-03-02-at-16.13.57.jpeg');\"><\/figure>\r\n\r\n  <figure class=\"bp-ph\" \r\n  style=\"background-image:url('https:\/\/brugaplast.de\/wp-content\/uploads\/2026\/03\/WhatsApp-Image-2026-03-02-at-16.13.56.jpeg');\"><\/figure>\r\n<\/div>\r\n\r\n   <!--   <div class=\"bp-center\">\r\n        <a class=\"bp-btn bp-btn--primary\" href=\"#kontakt\">Popro\u015b o referencje \/ zdj\u0119cia<\/a>\r\n      <\/div>-->\r\n    <\/div> \r\n  <\/section>\r\n\r\n  <!-- CONTACT -->\r\n  <section class=\"bp-section\" id=\"kontakt\">\r\n    <div class=\"bp-container\">\r\n      <div class=\"bp-head\">\r\n        <h2>Kontakt<\/h2>\r\n        <p>W\u00e4hlen Sie einen Ansprechpartner oder schreiben Sie uns eine E-Mail - wir werden Ihnen so schnell wie m\u00f6glich eine Antwort geben.<\/p>\r\n      <\/div>\r\n\r\n      <div class=\"bp-contactGrid\">\r\n        <article class=\"bp-person\">\r\n          <h3>Marek Koncki<\/h3>\r\n          <p class=\"bp-role\">Management - Beschaffung und Verwaltung<\/p>\r\n          <a class=\"bp-line\" href=\"tel:+48693458683\">\ud83d\udcde +48 693 458 683<\/a>\r\n        <\/article>\r\n\r\n        <article class=\"bp-person\">\r\n          <h3>Patryk Maciejewski<\/h3>\r\n          <p class=\"bp-role\">Management - Technische \u00dcberwachung<\/p>\r\n          <a class=\"bp-line\" href=\"tel:+48791820443\">\ud83d\udcde +48 791 820 443<\/a>\r\n        <\/article>\r\n\r\n        <article class=\"bp-person bp-person--wide\">\r\n          <h3>BRUGA PLAST Sp. z o.o.<\/h3>\r\n          <p class=\"bp-role\">Einsatzgebiet: Ganz Europa<\/p>\r\n          <!-- PODMIE\u0143 EMAIL je\u015bli inny -->\r\n          <a class=\"bp-line\" href=\"mailto:brugaplast@gmail.com\">\u2709\ufe0f brugaplast@gmail.com<\/a>\r\n          <a class=\"bp-line\" href=\"https:\/\/brugaplast.de\/de\/\" target=\"_blank\" rel=\"noopener\">\ud83c\udf10 brugaplast.de<\/a>\r\n          <div class=\"bp-note\">Referenzen: auf Anfrage erh\u00e4ltlich.<\/div>\r\n        <\/article>\r\n      <\/div>\r\n\r\n      <!-- Je\u015bli chcesz formularz - najlepiej wstawi\u0107 tu shortcode CF7 \/ Elementor Forms \r\n      <div class=\"bp-formHint\">\r\n        <strong>Formularz:<\/strong> Tutaj mo\u017cna da\u0107 formularz kontaktowy, kt\u00f3ry b\u0119dzie Ci wiadomo\u015b\u0107 na maila wysy\u0142a\u0142. Ale telefon i floating button WhatsApp sprawdzaj\u0105 si\u0119 najlepiej\r\n      <\/div>-->\r\n    <\/div>\r\n  <\/section>\r\n\r\n<\/section>\r\n\r\n<style>\r\n  \/* ====== THEME TOKENS ====== *\/\r\n  .bp-home{\r\n    --bp-primary:#0F3B45;\r\n    --bp-dark:#0B1F25;\r\n    --bp-text:#0E2B33;\r\n    --bp-accent:#E85D3F;\r\n    --bp-bg:#ffffff;\r\n    --bp-alt:#F2F5F7;\r\n    --bp-border:#D7E1E6;\r\n    --bp-radius:18px;\r\n    --bp-shadow:0 18px 50px rgba(0,0,0,.08);\r\n    color:var(--bp-text);\r\n    font-family: system-ui, -apple-system, Segoe UI, Roboto, Arial, sans-serif;\r\n  }\r\n  .bp-container{max-width:1120px;margin:0 auto;padding:0 18px}\r\n  .bp-section{padding:70px 0;background:var(--bp-bg)}\r\n  .bp-section--alt{background:var(--bp-alt)}\r\n  .bp-head h2{margin:0 0 10px;font-size:36px;line-height:1.15}\r\n  .bp-head p{margin:0;max-width:760px;opacity:.85}\r\n  .bp-muted{opacity:.85}\r\n\r\n  \/* ====== HERO ====== *\/\r\n  .bp-hero{\r\n    position:relative;\r\n    padding:142px 0 62px;\r\n    background:\r\n      linear-gradient(110deg, rgba(11,31,37,.88) 0%, rgba(15,59,69,.78) 42%, rgba(15,59,69,.35) 100%),\r\n      radial-gradient(800px 400px at 12% 15%, rgba(232,93,63,.18), transparent 60%),\r\n      url(\"https:\/\/brugaplast.de\/wp-content\/uploads\/2026\/02\/Zdjecie-glowne-Bruga-Plast.jpg\");\r\n    background-size:cover;\r\n    background-position:center;\r\n    color:#fff;\r\n    overflow:hidden;\r\n  }\r\n  .bp-hero__overlay{display:none}\r\n  .bp-hero__grid{display:grid;grid-template-columns:1.35fr .85fr;gap:26px;align-items:start}\r\n  .bp-kicker{letter-spacing:.12em;text-transform:uppercase;font-size:12px;opacity:.85;margin-bottom:10px}\r\n  .bp-hero h1{margin:0 0 12px;font-size:46px;line-height:1.06}\r\n  .bp-lead{margin:0 0 18px;max-width:720px;opacity:.92;font-size:18px}\r\n  .bp-cta{display:flex;gap:12px;flex-wrap:wrap;margin:18px 0 18px}\r\n  .bp-btn{\r\n    display:inline-flex;align-items:center;justify-content:center;\r\n    border-radius:999px;padding:12px 18px;\r\n    font-weight:700;text-decoration:none;transition:.2s ease;\r\n    border:1px solid transparent;\r\n  }\r\n  .bp-btn--primary{background:var(--bp-accent);color:#fff}\r\n  .bp-btn--primary:hover{filter:brightness(.95);transform:translateY(-1px)}\r\n  .bp-btn--ghost{background:rgba(255,255,255,.10);border-color:rgba(255,255,255,.22);color:#fff}\r\n  .bp-btn--ghost:hover{background:rgba(255,255,255,.16)}\r\n  .bp-mini{display:grid;grid-template-columns:repeat(3,1fr);gap:12px;margin-top:18px}\r\n  .bp-mini__item{background:rgba(255,255,255,.08);border:1px solid rgba(255,255,255,.14);border-radius:16px;padding:12px}\r\n  .bp-mini__num{font-weight:900;font-size:16px}\r\n  .bp-mini__txt{opacity:.9;font-size:12px;margin-top:2px}\r\n\r\n  .bp-heroCard{\r\n    background:rgba(255,255,255,.10);\r\n    border:1px solid rgba(255,255,255,.18);\r\n    border-radius:var(--bp-radius);\r\n    padding:18px 18px 16px;\r\n    box-shadow:0 22px 60px rgba(0,0,0,.18);\r\n    backdrop-filter: blur(10px);\r\n  }\r\n  .bp-heroCard__title{font-weight:800;margin-bottom:10px}\r\n  .bp-list{margin:0 0 8px;padding-left:18px;opacity:.95}\r\n  .bp-link{color:#fff;opacity:.95;text-decoration:none;font-weight:700}\r\n  .bp-link:hover{text-decoration:underline}\r\n\r\n  \/* ====== SERVICES ====== *\/\r\n  .bp-cards{margin-top:22px;display:grid;grid-template-columns:repeat(3,1fr);gap:16px}\r\n  .bp-card{\r\n    background:#fff;border:1px solid var(--bp-border);border-radius:var(--bp-radius);\r\n    padding:18px 18px 16px;box-shadow:0 12px 30px rgba(0,0,0,.04)\r\n  }\r\n  .bp-card h3{margin:0 0 6px;font-size:18px}\r\n  .bp-card p{margin:0 0 10px;opacity:.85}\r\n  .bp-card ul{margin:0;padding-left:18px;opacity:.9}\r\n  .bp-card li{margin:6px 0}\r\n\r\n  .bp-strip{\r\n    margin-top:22px;\r\n    display:flex;gap:14px;align-items:center;justify-content:space-between;\r\n    border-radius:var(--bp-radius);\r\n    border:1px solid var(--bp-border);\r\n    background:linear-gradient(120deg, rgba(15,59,69,.06), rgba(232,93,63,.06));\r\n    padding:16px 16px;\r\n  }\r\n  .bp-strip__left{display:flex;flex-direction:column;gap:4px}\r\n  .bp-strip__left span{opacity:.85}\r\n\r\n  \/* ====== WHY ====== *\/\r\n  .bp-why{margin-top:22px;display:grid;grid-template-columns:repeat(3,1fr);gap:16px}\r\n  .bp-whyCard{\r\n    background:#fff;border:1px solid var(--bp-border);border-radius:var(--bp-radius);\r\n    padding:18px;box-shadow:0 12px 30px rgba(0,0,0,.04)\r\n  }\r\n  .bp-whyIcon{\r\n    width:42px;height:42px;border-radius:14px;\r\n    display:flex;align-items:center;justify-content:center;\r\n    background:rgba(232,93,63,.12);color:var(--bp-accent);\r\n    font-size:18px;margin-bottom:10px\r\n  }\r\n  .bp-whyCard h3{margin:0 0 6px}\r\n  .bp-whyCard p{margin:0mo;opacity:.85}\r\n\r\n  \/* ====== EQUIPMENT ====== *\/\r\n  .bp-twoCol{display:grid;grid-template-columns:1.1fr .9fr;gap:22px;align-items:stretch}\r\n  .bp-tags{display:flex;flex-wrap:wrap;gap:8px;margin:14px 0 12px}\r\n  .bp-tags span{\r\n    border:1px solid var(--bp-border);\r\n    background:#fff;border-radius:999px;padding:8px 10px;\r\n    font-size:12px;opacity:.95\r\n  }\r\n  .bp-media{display:flex}\r\n  .bp-mediaBox{\r\n    flex:1;min-height:260px;border-radius:var(--bp-radius);\r\n    border:1px solid var(--bp-border);\r\n    background:\r\n      linear-gradient(120deg, rgba(15,59,69,.10), rgba(232,93,63,.08)),\r\n      url(\"https:\/\/images.unsplash.com\/photo-1581091215367-59ab6b3d0b7a?auto=format&fit=crop&w=1600&q=70\");\r\n    background-size:cover;background-position:center;\r\n    box-shadow:var(--bp-shadow);\r\n    position:relative;overflow:hidden;\r\n  }\r\n  .bp-mediaLabel{\r\n    position:absolute;left:14px;top:14px;\r\n    background:rgba(255,255,255,.86);\r\n    border:1px solid rgba(0,0,0,.06);\r\n    border-radius:999px;padding:8px 10px;font-weight:800;font-size:12px\r\n  }\r\n  .bp-mediaHint{\r\n    position:absolute;left:14px;bottom:14px;\r\n    background:rgba(11,31,37,.72);\r\n    border:1px solid rgba(255,255,255,.16);\r\n    color:#fff;border-radius:14px;padding:10px 12px;font-size:12px;max-width:260px\r\n  }\r\n\r\n  \/* ====== GALLERY ====== *\/\r\n  .bp-gallery{margin-top:22px;display:grid;grid-template-columns:repeat(4,1fr);gap:12px}\r\n  .bp-ph{\r\n    aspect-ratio: 4 \/ 3;\r\n    border-radius:16px;\r\n    border:1px solid var(--bp-border);\r\n    background:\r\n      linear-gradient(120deg, rgba(15,59,69,.08), rgba(232,93,63,.06));\r\n    box-shadow:0 12px 30px rgba(0,0,0,.04);\r\n  }\r\n  .bp-center{display:flex;justify-content:center;margin-top:18px}\r\n\r\n  \/* ====== CONTACT ====== *\/\r\n  .bp-contactGrid{margin-top:22px;display:grid;grid-template-columns:repeat(3,1fr);gap:16px}\r\n  .bp-person{\r\n    background:#fff;border:1px solid var(--bp-border);border-radius:var(--bp-radius);\r\n    padding:18px;box-shadow:0 12px 30px rgba(0,0,0,.04)\r\n  }\r\n  .bp-person--wide{grid-column: span 1}\r\n  .bp-person h3{margin:0 0 6px}\r\n  .bp-role{margin:0 0 10px;opacity:.85}\r\n  .bp-line{display:block;text-decoration:none;color:var(--bp-text);font-weight:700;margin:8px 0}\r\n  .bp-line:hover{color:var(--bp-primary)}\r\n  .bp-note{margin-top:10px;opacity:.78;font-size:12px}\r\n  .bp-formHint{\r\n    margin-top:18px;\r\n    border:1px dashed var(--bp-border);\r\n    border-radius:16px;\r\n    padding:14px 14px;\r\n    background:#fff;\r\n    opacity:.9;\r\n  }\r\n\r\n  \/* ====== RESPONSIVE ====== *\/\r\n  @media (max-width: 980px){\r\n    .bp-hero__grid{grid-template-columns:1fr}\r\n    .bp-hero h1{font-size:38px}\r\n    .bp-mini{grid-template-columns:1fr 1fr}\r\n    .bp-cards{grid-template-columns:1fr 1fr}\r\n    .bp-why{grid-template-columns:1fr 1fr}\r\n    .bp-twoCol{grid-template-columns:1fr}\r\n    .bp-gallery{grid-template-columns:1fr 1fr}\r\n    .bp-contactGrid{grid-template-columns:1fr}\r\n    .bp-person--wide{grid-column:auto}\r\n  }\r\n  @media (max-width: 520px){\r\n    .bp-hero{padding:138px 0 52px}\r\n    .bp-hero h1{font-size:32px}\r\n    .bp-mini{grid-template-columns:1fr}\r\n    .bp-cards{grid-template-columns:1fr}\r\n    .bp-why{grid-template-columns:1fr}\r\n    .bp-gallery{grid-template-columns:1fr}\r\n  }\r\n  \r\n  .bp-ph {\r\n  width: 100%;\r\n  height: 280px; \/* mo\u017cesz zmieni\u0107 *\/\r\n  background-size: cover;\r\n  background-position: center;\r\n  background-repeat: no-repeat;\r\n  border-radius: 16px; \/* je\u015bli chcesz zaokr\u0105glenie *\/\r\n}\r\n\r\n\/* ====== GALERIA: reset + uk\u0142ad ====== *\/\r\n.bp-gallery{\r\n  display: grid;\r\n  grid-template-columns: repeat(3, 1fr);\r\n  gap: 18px;\r\n}\r\n\r\n.bp-gallery .bp-ph{\r\n  margin: 0;                 \/* bardzo wa\u017cne (figure ma domy\u015blne marginesy) *\/\r\n  width: 100%;\r\n  aspect-ratio: 4 \/ 3;       \/* r\u00f3wne proporcje na desktop *\/\r\n  background-size: cover;\r\n  background-position: center;\r\n  background-repeat: no-repeat;\r\n  border-radius: 18px;\r\n  overflow: hidden;\r\n}\r\n\r\n\/* ====== TABLET ====== *\/\r\n@media (max-width: 1024px){\r\n  .bp-gallery{\r\n    grid-template-columns: repeat(2, 1fr);\r\n    gap: 14px;\r\n  }\r\n  .bp-gallery .bp-ph{\r\n    border-radius: 16px;\r\n    aspect-ratio: 4 \/ 3;\r\n  }\r\n}\r\n\r\n\/* ====== TELEFON ====== *\/\r\n@media (max-width: 600px){\r\n  .bp-gallery{\r\n    grid-template-columns: repeat(2, 1fr); \/* zamiast 1 w kolumnie \u2013 b\u0119dzie \u0142adniej *\/\r\n    gap: 10px;\r\n  }\r\n  .bp-gallery .bp-ph{\r\n    aspect-ratio: 1 \/ 1;     \/* kwadraty na mobile \u2013 wygl\u0105da premium *\/\r\n    border-radius: 14px;\r\n  }\r\n}\r\n\r\n\/* ====== bardzo ma\u0142e telefony ====== *\/\r\n@media (max-width: 380px){\r\n  .bp-gallery{\r\n    grid-template-columns: 1fr; \/* tu ju\u017c lepiej 1 kolumna *\/\r\n  }\r\n  .bp-gallery .bp-ph{\r\n    aspect-ratio: 4 \/ 3;\r\n  }\r\n}\r\n\r\n\r\n\r\n<\/style>\t\t\t\t<\/div>\n\t\t\t\t<\/div>\n\t\t\t\t<\/div>","protected":false},"excerpt":{"rendered":"<p>BRUGA PLAST Sp. z o.o. Budowa ruroci\u0105g\u00f3w i spawanie tworzyw sztucznych Mobilne zespo\u0142y monta\u017cowe \u2022 Realizacje na terenie ca\u0142ej Europy \u2022 PE \/ PP \/ PVDF \/ PVC \/ PPS Zapytaj o ofert\u0119 Zobacz us\u0142ugi 20 pracownik\u00f3w w zespo\u0142ach mobilnych EU obszar dzia\u0142ania: Ca\u0142a Europa Nasze g\u0142\u00f3wne us\u0142ugi Budowa ruroci\u0105g\u00f3w Spawanie tworzyw sztucznych (PE\/PP\/PVDF\/PPS) PVC [&hellip;]<\/p>","protected":false},"author":1,"featured_media":0,"parent":0,"menu_order":0,"comment_status":"closed","ping_status":"closed","template":"","meta":{"footnotes":""},"class_list":["post-11","page","type-page","status-publish","hentry"],"_links":{"self":[{"href":"https:\/\/brugaplast.de\/de\/wp-json\/wp\/v2\/pages\/11","targetHints":{"allow":["GET"]}}],"collection":[{"href":"https:\/\/brugaplast.de\/de\/wp-json\/wp\/v2\/pages"}],"about":[{"href":"https:\/\/brugaplast.de\/de\/wp-json\/wp\/v2\/types\/page"}],"author":[{"embeddable":true,"href":"https:\/\/brugaplast.de\/de\/wp-json\/wp\/v2\/users\/1"}],"replies":[{"embeddable":true,"href":"https:\/\/brugaplast.de\/de\/wp-json\/wp\/v2\/comments?post=11"}],"version-history":[{"count":293,"href":"https:\/\/brugaplast.de\/de\/wp-json\/wp\/v2\/pages\/11\/revisions"}],"predecessor-version":[{"id":1330,"href":"https:\/\/brugaplast.de\/de\/wp-json\/wp\/v2\/pages\/11\/revisions\/1330"}],"wp:attachment":[{"href":"https:\/\/brugaplast.de\/de\/wp-json\/wp\/v2\/media?parent=11"}],"curies":[{"name":"wp","href":"https:\/\/api.w.org\/{rel}","templated":true}]}}